{"id":1167,"date":"2026-02-10T18:05:25","date_gmt":"2026-02-10T17:05:25","guid":{"rendered":"https:\/\/www.gpwhip.fr\/?post_type=product&#038;p=1167"},"modified":"2026-02-11T10:46:04","modified_gmt":"2026-02-11T09:46:04","slug":"pb-001","status":"publish","type":"product","link":"https:\/\/www.gpwhip.fr\/en\/product\/pb-001\/","title":{"rendered":"PB-001"},"content":{"rendered":"<p>Porte bougie<\/p>\n<p>figurines en r\u00e9sine<\/p>\n<p>socle et potence en bois ( ch\u00eane, h\u00eatre, ch\u00e2taignier )<\/p>\n<p>hauteur de la potence 16 cm<\/p>","protected":false},"excerpt":{"rendered":"<p>Porte bougie<\/p>\n<p>figurines en r\u00e9sine<\/p>\n<p>socle et potence en bois ( ch\u00eane, h\u00eatre, ch\u00e2taignier )<\/p>\n<p>hauteur de la potence 16 cm<\/p>","protected":false},"featured_media":1169,"comment_status":"open","ping_status":"closed","template":"","meta":[],"product_brand":[],"product_cat":[86],"product_tag":[74,78,61,75,82,79,76,63,60,83,77],"class_list":{"0":"post-1167","1":"product","2":"type-product","3":"status-publish","4":"has-post-thumbnail","6":"product_cat-porte-bougies","7":"product_tag-artisanat","8":"product_tag-cuir","9":"product_tag-fouet","10":"product_tag-francais","11":"product_tag-fugurine","12":"product_tag-kangourou","13":"product_tag-patrick","14":"product_tag-signal","15":"product_tag-signalwhip","16":"product_tag-soumise","17":"product_tag-vich","19":"first","20":"instock","21":"sold-individually","22":"shipping-taxable","23":"purchasable","24":"product-type-simple"},"_links":{"self":[{"href":"https:\/\/www.gpwhip.fr\/en\/wp-json\/wp\/v2\/product\/1167","targetHints":{"allow":["GET"]}}],"collection":[{"href":"https:\/\/www.gpwhip.fr\/en\/wp-json\/wp\/v2\/product"}],"about":[{"href":"https:\/\/www.gpwhip.fr\/en\/wp-json\/wp\/v2\/types\/product"}],"replies":[{"embeddable":true,"href":"https:\/\/www.gpwhip.fr\/en\/wp-json\/wp\/v2\/comments?post=1167"}],"wp:featuredmedia":[{"embeddable":true,"href":"https:\/\/www.gpwhip.fr\/en\/wp-json\/wp\/v2\/media\/1169"}],"wp:attachment":[{"href":"https:\/\/www.gpwhip.fr\/en\/wp-json\/wp\/v2\/media?parent=1167"}],"wp:term":[{"taxonomy":"product_brand","embeddable":true,"href":"https:\/\/www.gpwhip.fr\/en\/wp-json\/wp\/v2\/product_brand?post=1167"},{"taxonomy":"product_cat","embeddable":true,"href":"https:\/\/www.gpwhip.fr\/en\/wp-json\/wp\/v2\/product_cat?post=1167"},{"taxonomy":"product_tag","embeddable":true,"href":"https:\/\/www.gpwhip.fr\/en\/wp-json\/wp\/v2\/product_tag?post=1167"}],"curies":[{"name":"wp","href":"https:\/\/api.w.org\/{rel}","templated":true}]}}